{"id":6599,"date":"2021-02-08T23:02:29","date_gmt":"2021-02-08T22:02:29","guid":{"rendered":"https:\/\/www.villafleury.nl\/?page_id=6599"},"modified":"2021-02-08T23:02:29","modified_gmt":"2021-02-08T22:02:29","slug":"les-lavandes-monieux","status":"publish","type":"page","link":"https:\/\/www.villafleury.nl\/de\/les-lavandes-monieux\/","title":{"rendered":"Les Lavandes &#8211; Monieux"},"content":{"rendered":"<p>Die Lage ist einmalig. Sehr ruhig, unter den B\u00e4umen oder gro\u00dfem Sonnenschirm, kaum ein vorbeifahrendes Auto, &#8230; einzigartig.<br \/>\nSowohl die Pr\u00e4sentation als auch die Qualit\u00e4t sind auf einem hervorragenden Niveau.<br \/>\nWir zahlten 62\u20ac pro Person f\u00fcr den Aperitif, sch\u00f6ne Weine, Wasser und ein umfangreiches Men\u00fc, was in Anbetracht der Lage, der Gem\u00fctlichkeit, der Qualit\u00e4t,&#8230; ein unserer Meinung nach sehr korrekter Preis. Und vergessen Sie nicht, durch das Dorf zu laufen.<\/p>\n<p>2 Place L\u00e9on Doux, 84390 Monieux.<br \/>\n+ 33 (0) 4 90 64 05 08.<br \/>\nhttps:\/\/www.restaurant-les-lavandes.fr<\/p>\n","protected":false},"excerpt":{"rendered":"<p>Die Lage ist einmalig. Sehr ruhig, unter den B\u00e4umen oder gro\u00dfem Sonnenschirm, kaum ein vorbeifahrendes Auto, &#8230; einzigartig. Sowohl die Pr\u00e4sentation als auch die Qualit\u00e4t sind auf einem hervorragenden Niveau. Wir zahlten 62\u20ac pro Person f\u00fcr den Aperitif, sch\u00f6ne Weine, Wasser und ein umfangreiches Men\u00fc, was in Anbetracht der Lage, der Gem\u00fctlichkeit, der Qualit\u00e4t,&#8230; ein&hellip;<\/p>\n","protected":false},"author":3,"featured_media":5840,"parent":0,"menu_order":4,"comment_status":"closed","ping_status":"closed","template":"","meta":{"footnotes":""},"class_list":["post-6599","page","type-page","status-publish","has-post-thumbnail","hentry"],"_links":{"self":[{"href":"https:\/\/www.villafleury.nl\/de\/wp-json\/wp\/v2\/pages\/6599","targetHints":{"allow":["GET"]}}],"collection":[{"href":"https:\/\/www.villafleury.nl\/de\/wp-json\/wp\/v2\/pages"}],"about":[{"href":"https:\/\/www.villafleury.nl\/de\/wp-json\/wp\/v2\/types\/page"}],"author":[{"embeddable":true,"href":"https:\/\/www.villafleury.nl\/de\/wp-json\/wp\/v2\/users\/3"}],"replies":[{"embeddable":true,"href":"https:\/\/www.villafleury.nl\/de\/wp-json\/wp\/v2\/comments?post=6599"}],"version-history":[{"count":0,"href":"https:\/\/www.villafleury.nl\/de\/wp-json\/wp\/v2\/pages\/6599\/revisions"}],"wp:featuredmedia":[{"embeddable":true,"href":"https:\/\/www.villafleury.nl\/de\/wp-json\/wp\/v2\/media\/5840"}],"wp:attachment":[{"href":"https:\/\/www.villafleury.nl\/de\/wp-json\/wp\/v2\/media?parent=6599"}],"curies":[{"name":"wp","href":"https:\/\/api.w.org\/{rel}","templated":true}]}}