{"id":747,"date":"2017-03-15T14:00:48","date_gmt":"2017-03-15T13:00:48","guid":{"rendered":"http:\/\/www.villafleury.nl\/?page_id=747"},"modified":"2021-01-29T12:39:52","modified_gmt":"2021-01-29T11:39:52","slug":"wandern","status":"publish","type":"page","link":"https:\/\/www.villafleury.nl\/de\/hier-wohnt-die-sonne-copy\/wandern\/","title":{"rendered":"Wandern"},"content":{"rendered":"\n\n\t<h3>Ein Eldorado f\u00fcr Wanderer?<\/h3>\n<p>Ja absolut, f\u00fcr jeden Wunsch und jeden Geschmack.<\/p>\n<p>Falls Ihre Vorstellungskraft nicht ausreicht, k\u00f6nnen wir Ihnen viele verschiedene M\u00f6glichkeiten anbieten.<\/p>\n<p>Stellen Sie sich doch mal vor: Wandern zwischen den weiten Lavendelfeldern, in der Erntesaison den Duft einer Lavendeldestillerie einatmen oder einmal zuschauen, wie der Lavendel manchmal noch in unerm\u00fcdlicher Handarbeit geerntet wird.<\/p>\n<p>Der Ginster w\u00e4chst \u00fcberall, aber nat\u00fcrlich dreht sich in dieser Gegend alles um Lavendel. Trotzdem ist neben den weiten Lavendelfeldern auch die restliche Natur \u00fcberw\u00e4ltigend sch\u00f6n und auch die D\u00f6rfer, an denen man vorbei kommt, sind ein starker Kontrast zu unserem stressigen Alltag&#8230;<\/p>\n<p>Mit dem Appartement als Ausfallsbasis bieten sich sehr viele M\u00f6glichkeiten f\u00fcr Ausfl\u00fcge in die unmittelbare Umgebung. Auf Wunsch k\u00f6nnen wir Sie zum Startpunkt Ihres Tagesausflugs bringen oder Sie &#8211; gegen eine geringe Verg\u00fctung &#8211; dort abholen, wohin es Sie auf Ihrer Entdeckungsreise verschlagen hat&#8230;.<\/p>\n<p>In solchen F\u00e4llen kann sich ein Handy als Segen erweisen&#8230;&#8230;&#8230;.<\/p>\n<p>Absolut empfehlenswert sind Touren in der &#8222;Vall\u00e9e de la Toulourenc&#8220;, das vom gleichnamigen Fluss geformt ist, der manchmal strudelt und manchmal pl\u00e4tschert: &#8222;toul ou renc&#8220; oder &#8222;alles oder nichts&#8220;. Die Launenhaftigkeit dieses Flusses spiegelt sich in seiner Umgebung wider und kann bei einem Spaziergang durch sein &#8211; im Sommer immer ausgetrocknetes &#8211; Flussbett bestaunt werden.<\/p>\n<p>Ein solcher Spaziergang kann im h\u00f6her gelegenen Brantes enden, in dem man genau die Umgebung und die Auberge findet, die man sich in einem solchen Moment w\u00fcnscht.<\/p>\n\n","protected":false},"excerpt":{"rendered":"<p>Ein Eldorado f\u00fcr Wanderer? Ja absolut, f\u00fcr jeden Wunsch und jeden Geschmack. Falls Ihre Vorstellungskraft nicht ausreicht, k\u00f6nnen wir Ihnen viele verschiedene M\u00f6glichkeiten anbieten. Stellen Sie sich doch mal vor: Wandern zwischen den weiten Lavendelfeldern, in der Erntesaison den Duft einer Lavendeldestillerie einatmen oder einmal zuschauen, wie der Lavendel manchmal noch in unerm\u00fcdlicher Handarbeit geerntet&hellip;<\/p>\n","protected":false},"author":26,"featured_media":5698,"parent":9815,"menu_order":15,"comment_status":"closed","ping_status":"closed","template":"","meta":{"footnotes":""},"class_list":["post-747","page","type-page","status-publish","has-post-thumbnail","hentry"],"_links":{"self":[{"href":"https:\/\/www.villafleury.nl\/de\/wp-json\/wp\/v2\/pages\/747","targetHints":{"allow":["GET"]}}],"collection":[{"href":"https:\/\/www.villafleury.nl\/de\/wp-json\/wp\/v2\/pages"}],"about":[{"href":"https:\/\/www.villafleury.nl\/de\/wp-json\/wp\/v2\/types\/page"}],"author":[{"embeddable":true,"href":"https:\/\/www.villafleury.nl\/de\/wp-json\/wp\/v2\/users\/26"}],"replies":[{"embeddable":true,"href":"https:\/\/www.villafleury.nl\/de\/wp-json\/wp\/v2\/comments?post=747"}],"version-history":[{"count":0,"href":"https:\/\/www.villafleury.nl\/de\/wp-json\/wp\/v2\/pages\/747\/revisions"}],"up":[{"embeddable":true,"href":"https:\/\/www.villafleury.nl\/de\/wp-json\/wp\/v2\/pages\/9815"}],"wp:featuredmedia":[{"embeddable":true,"href":"https:\/\/www.villafleury.nl\/de\/wp-json\/wp\/v2\/media\/5698"}],"wp:attachment":[{"href":"https:\/\/www.villafleury.nl\/de\/wp-json\/wp\/v2\/media?parent=747"}],"curies":[{"name":"wp","href":"https:\/\/api.w.org\/{rel}","templated":true}]}}