{"id":9815,"date":"2023-09-28T15:33:40","date_gmt":"2023-09-28T13:33:40","guid":{"rendered":"https:\/\/www.villafleury.nl\/?page_id=9815"},"modified":"2026-03-15T12:03:37","modified_gmt":"2026-03-15T11:03:37","slug":"hier-wohnt-die-sonne-copy","status":"publish","type":"page","link":"https:\/\/www.villafleury.nl\/de\/","title":{"rendered":"Hier wohnt die Sonne!"},"content":{"rendered":"\n<figure itemscope itemtype=\"https:\/\/schema.org\/ImageObject\">\n\t\t\t\t<img decoding=\"async\" src=\"https:\/\/www.villafleury.nl\/wp-content\/uploads\/2024\/11\/Geniese-die-Provence-1-scaled.jpg\" alt=\"Genie\u00dfe die Provence\" height=\"1261\" width=\"2560\" title=\"Genie\u00dfe die Provence\" onerror=\"this.style.display='none'\" loading=\"lazy\" \/>\n\t<\/figure>\n\t<bookaplace-all name=\"villafleury\" fnr=\"000\" lang=\"\" theme=\"\" btntitle=\"Boek\" btnclass=\"\" maxadult=\"2\" maxchild=\"0\"><\/bookaplace-all>\n\t<h2><strong>Hier wohnt de Sonne!<\/strong><\/h2>\n<p>Montbrun-les-Bains wurde zu einem der sch\u00f6nsten D\u00f6rfer zwischen Avignon und Sisteron gew\u00e4hlt, im Herzen der Region, in der die Natur zu jedem Moment in voller Bl\u00fcte steht. Montbrun-les-Bains liegt am Fu\u00dfe des &#8222;Mont Ventoux&#8220; und z\u00e4hlt j\u00e4hrlich ca. 240 Sonnentage.<\/p>\n<p>Der Mont Ventoux, Lure, Luberon und Baronnies verbergen die magischsten und malerischsten Pl\u00e4tze, wie La Fontaine de Vaucluse, Gorde, Rousillon mit seinen typischen Ockerfarben und Pays d&#8217;Apt mit seinen hoch auf den H\u00fcgeln gelegenen D\u00f6rfern, dem Park Du Luberon und den Schluchten von der Dr\u00f4me. Ein Gebiet, an dem Sie sich nicht sattsehen k\u00f6nnen!<\/p>\n<p>Montbrun-les-Bains ist als Badekurort bekannt, dessen Heilwasser besonders zur Behandlung der Haut und der Atemwege geeignet ist. Eine Thermalkur k\u00f6nnen Sie in den neben dem &#8222;Ch\u00e2teau des Gipi\u00e8res&#8220; gelegenen &#8222;Thermes de Montbrun-les-Bains&#8220; genie\u00dfen. Erkrankungen wie Psoriasis oder Rheuma k\u00f6nnen Sie unter anderem durch Schwefelb\u00e4der behandeln.<\/p>\n<p>Montbrun-les-Bains besteht aus einem mittelalterlichen Stadtteil mit malerischen Gassen, Resten einer feudalen Burg, einer romanischen Kirche, einem Glockenturm, die Teil der Festungsmauern war, sowie einem weiter unten gelegenen modernen Teil mit Restaurants, Arzt und Apotheke, Schwimmbad, Tennispl\u00e4tzen, Postamt, B\u00e4cker und einem Supermarkt in ca. 800 m Entfernung vom Appartement.<\/p>\n<p>In dem in der N\u00e4he des Dorfes gelegenen &#8222;Ch\u00e2teau des Gipi\u00e8res&#8220; aus dem 19. Jahrhundert finden Sie ein ausgezeichnetes Restaurant, in dem Sie sich kulinarisch verw\u00f6hnen lassen k\u00f6nnen und auf dessen Terrasse Sie eine wundersch\u00f6ne Aussicht auf den Mont Ventoux und den Park genie\u00dfen k\u00f6nnen.<\/p>\n<figure itemscope itemtype=\"https:\/\/schema.org\/ImageObject\">\n\t\t\t\t<img decoding=\"async\" src=\"https:\/\/www.villafleury.nl\/wp-content\/uploads\/2024\/11\/Plaque-Meuble_tourisme3_2023-1-e1732806488921.jpg\" alt=\"Plaque-Meuble_tourisme3_2023\" height=\"535\" width=\"523\" title=\"Plaque-Meuble_tourisme3_2023\" onerror=\"this.style.display='none'\" loading=\"lazy\" \/>\n\t<\/figure>\n\n","protected":false},"excerpt":{"rendered":"<p>Hier wohnt de Sonne! Montbrun-les-Bains wurde zu einem der sch\u00f6nsten D\u00f6rfer zwischen Avignon und Sisteron gew\u00e4hlt, im Herzen der Region, in der die Natur zu jedem Moment in voller Bl\u00fcte steht. Montbrun-les-Bains liegt am Fu\u00dfe des &#8222;Mont Ventoux&#8220; und z\u00e4hlt j\u00e4hrlich ca. 240 Sonnentage. Der Mont Ventoux, Lure, Luberon und Baronnies verbergen die magischsten und&hellip;<\/p>\n","protected":false},"author":26,"featured_media":11092,"parent":0,"menu_order":1,"comment_status":"closed","ping_status":"closed","template":"","meta":{"footnotes":""},"class_list":["post-9815","page","type-page","status-publish","has-post-thumbnail","hentry"],"_links":{"self":[{"href":"https:\/\/www.villafleury.nl\/de\/wp-json\/wp\/v2\/pages\/9815","targetHints":{"allow":["GET"]}}],"collection":[{"href":"https:\/\/www.villafleury.nl\/de\/wp-json\/wp\/v2\/pages"}],"about":[{"href":"https:\/\/www.villafleury.nl\/de\/wp-json\/wp\/v2\/types\/page"}],"author":[{"embeddable":true,"href":"https:\/\/www.villafleury.nl\/de\/wp-json\/wp\/v2\/users\/26"}],"replies":[{"embeddable":true,"href":"https:\/\/www.villafleury.nl\/de\/wp-json\/wp\/v2\/comments?post=9815"}],"version-history":[{"count":105,"href":"https:\/\/www.villafleury.nl\/de\/wp-json\/wp\/v2\/pages\/9815\/revisions"}],"predecessor-version":[{"id":12852,"href":"https:\/\/www.villafleury.nl\/de\/wp-json\/wp\/v2\/pages\/9815\/revisions\/12852"}],"wp:featuredmedia":[{"embeddable":true,"href":"https:\/\/www.villafleury.nl\/de\/wp-json\/wp\/v2\/media\/11092"}],"wp:attachment":[{"href":"https:\/\/www.villafleury.nl\/de\/wp-json\/wp\/v2\/media?parent=9815"}],"curies":[{"name":"wp","href":"https:\/\/api.w.org\/{rel}","templated":true}]}}