{"id":6574,"date":"2021-02-08T20:43:56","date_gmt":"2021-02-08T19:43:56","guid":{"rendered":"https:\/\/www.villafleury.nl\/?page_id=6574"},"modified":"2021-02-08T20:43:56","modified_gmt":"2021-02-08T19:43:56","slug":"carpentras","status":"publish","type":"page","link":"https:\/\/www.villafleury.nl\/en\/the-home-of-the-sun-copy\/surroundings\/carpentras\/","title":{"rendered":"Carpentras"},"content":{"rendered":"<p>Die Stadt Carpentras, eine Stadt der Kunst und Geschichte, hat viele Zeugnisse ihrer Vergangenheit bewahrt. Carpentras, ehemalige Hauptstadt der Grafschaft Venaissin, l\u00e4dt Sie ein, die Altstadt mit der Kathedrale Saint-Siffrine, der Synagoge, der \u00e4ltesten in Frankreich, erbaut 1367, dem H\u00f4tel-Dieu mit seiner Apotheke und dem Orangentor, dem letzten \u00dcberbleibsel aus dem Mittelalter, zu entdecken.<br \/>\nDie Erdbeeren und Berlingots von Carpentas, farbiges Konfekt aus Zucker und Pfefferminzaroma, sind eine Spezialit\u00e4t der Stadt.<\/p>\n<p>ZUS\u00c4TZLICHE INFORMATIONENCARPENTRAS<br \/>\nAn der Kreuzung der Rhone und der Durance, \u00fcberragt vom Mont Ventoux, liegt Carpentras gesch\u00fctzt vor dem Mistral in der reichen und fruchtbaren Ebene des Comtat Venaissin, einer Landschaft nach italienischem Vorbild mit h\u00fcbschen D\u00f6rfern, die von der Nachmittagssonne erw\u00e4rmt werden. Seine privilegierte Lage in der N\u00e4he der wichtigsten Autobahnen, so dass es eine ideale Basis f\u00fcr die Lebensqualit\u00e4t, ein Land und ancestral Know-how, au\u00dfergew\u00f6hnliche Umgebung im Herzen der unber\u00fchrten Natur und reiches Erbe von der Anwesenheit P\u00e4pste w\u00e4hrend f\u00fcnf Jahrhunderten verlassen.<\/p>\n<p>ZU SEHEN, ZU TUN<br \/>\nCarpentras bietet dem Besucher so bunte Facetten wie die Fassaden der Altstadt. Erbe der gallischen Stadt Memini, der Doppelcharakter der Akropolis und des Marktes, die Stadt wurde im Mittelalter, die Hauptstadt des Comtat. Sie verdankt ihre Originalit\u00e4t der Zugeh\u00f6rigkeit zum Heiligen Stuhl vom dreizehnten bis zum achtzehnten Jahrhundert. Die Architektur ist von italienischen Vorbildern inspiriert und die Anwesenheit von Juden, die von den P\u00e4psten gesch\u00fctzt wurden, pr\u00e4gt die Kultur.<br \/>\nBeim Wechsel von Stra\u00dfen und Pl\u00e4tzen offenbart sich dem Spazierg\u00e4nger das reiche Erbe.<br \/>\nDie Inguimbertine im Bibliotheksmuseum H\u00f4tel-Dieu:<br \/>\nEine moderne Bibliothek, die voll mit der Zukunft, aber auch mit der Vergangenheit verbunden ist. Das macht diesen Ort ungew\u00f6hnlich. Beim Herumwandern findet der Besucher Kunstobjekte, Musikinstrumente oder Wissenschaftler. Ein Weg, um seine Neugier zu wecken, den Reichtum der Inguimbertine&#8217;s Fonds zu pr\u00e4sentieren, sondern auch die Arbeit der K\u00fcnstler Carpentrassiens zu zeigen. Das H\u00f4tel-Dieu, ist das Werk von Monsignore d&#8217;Inguimbert, Bischof von Carpentras im Jahre 1735.<br \/>\nDas zwischen 1750 und 1761 unter der Leitung des Architekten Antoine d&#8217;Allemand errichtete Geb\u00e4ude bietet eine majest\u00e4tische Krankenhausarchitektur mit einer langen, strengen, nach Westen ausgerichteten und von Feuerstellen gekr\u00f6nten Fassade, die einen riesigen Palast sch\u00fctzt, in dem sich eine Apotheke befindet. Authentische (aber derzeit unter Renovierung), die gro\u00dfe Galerie von einer Treppe der Ehre, die mit 281 Spenden aus dem achtzehnten bis zum zwanzigsten Jahrhundert dekoriert ist serviert: Gem\u00e4lde gemalt, um die Erinnerung an die gro\u00dfz\u00fcgigen Spender, die ihr Verm\u00f6gen vermacht Hotel Dieu erweitern.<br \/>\nDie Barockkapelle ist derzeit nicht f\u00fcr Besichtigungen ge\u00f6ffnet.<br \/>\nKathedrale Saint Siffrein: Montags geschlossen.<br \/>\nKathedrale Saint Siffrein, benannt nach dem Schutzpatron der Stadt Bischof (siebten Jahrhundert) ist ein sch\u00f6nes Beispiel der s\u00fcdlichen gotischen Architektur durch eine einheitliche Raum und hohe muralit\u00e9 gekennzeichnet. Sie ist die gr\u00f6\u00dfte Kirche der Di\u00f6zese: 58 Meter lang, davon 42 f\u00fcr das sechsschiffige Kirchenschiff. Der Bau dauerte mehr als ein Jahrhundert (1405-1531) und folgte auf zwei Vorg\u00e4ngerbauten, darunter eine romanische Kathedrale aus dem dreizehnten Jahrhundert, die an der Nordseite der Apsis erhalten ist.<br \/>\nIm Inneren ist die Einrichtung ein Hinweis auf die gro\u00dfe k\u00fcnstlerische Bewegung, die durch die p\u00e4pstliche Anwesenheit in der Grafschaft Venaissin bis zur Revolution geweckt wurde. gemalte Tafel Kr\u00f6nung der Jungfrau, Glasmalerei des f\u00fcnfzehnten Jahrhunderts Altaraufs\u00e4tze Genua kostbarem Marmor, vergoldete Schnitzereien der Familie Bernus, au\u00dfergew\u00f6hnliche Eisenarbeiten Tausend signierte Gem\u00e4lde G. E. Greve, N. Mignard, E. Parrocel und Carpentrassian J.S Duplessis&#8230; sie lie\u00dfen sich im Schatten der Kapellen zu sehen.<br \/>\nDer Palast der Gerechtigkeit:<br \/>\nIn einer Linie mit der Kathedrale Saint Siffrein, steht auf dem gro\u00dfen Platz der &#8220;Palast&#8221; umbenannt General De Gaulle, der ehemalige bisch\u00f6fliche Palast wurde seit 1801, der Palast der Justiz. Das Geb\u00e4ude wurde im siebzehnten Jahrhundert, auf Wunsch des Bischofs Bichi, im &#8220;r\u00f6mischen Geschmack&#8221; gebaut &#8211; markanter Balkon, gefertigte Pilaster&#8230; Die Fassade illustriert perfekt den Stil der gro\u00dfen italienischen Pal\u00e4ste.<br \/>\nIm Rahmen des Programms F\u00fchrungen: zu sehen sind: der ehemalige Bischofssaal mit franz\u00f6sischen Decken, der Assisi-Saal, ehemals Versammlungsort der Staaten des Comtat Venaissin und der Saal Correction mit seinen Mustern, die die D\u00f6rfer des ehemaligen Comtat darstellen.<\/p>\n<p>Der r\u00f6mische Bogen:<br \/>\nBevor Sie die Synagoge betreten, halten Sie an einem anderen Ort, der St\u00e4tte von Inguimbert. In seiner Nische, angelehnt an die Nordflanke der Kirche Saint Siffrein, befindet sich das einzige \u00dcberbleibsel aus der R\u00f6merzeit, der R\u00f6merbogen.<br \/>\nBevor die Stadt an die P\u00e4pste fiel, gelangte sie nacheinander in die H\u00e4nde der Kelten &#8211; unter dem Namen Carpentoracte Meminorum und der R\u00f6mer &#8211; Forum Neronis. Aus dieser fernen Zeit stammt ein Geb\u00e4ude aus dem ersten Jahrhundert n. Chr., das zum Gedenken an den Sieg Roms \u00fcber die Barbaren errichtet wurde. Durchbrochen von einem einzigen Bogen, bietet es ein wundersch\u00f6n geschnitztes Detail: zwei Gefangene, die an einen Pokal gekettet sind.<br \/>\nDie Synagoge:<br \/>\nDie 1367 erbaute und im 18. Jahrhundert von dem Architekten Antoine D&#8217;Allemand renovierte Synagoge ist die \u00e4lteste noch aktive Synagoge Frankreichs. Sie zeugt von der Anwesenheit j\u00fcdischer Gemeinden, die im K\u00f6nigreich Frankreich verfolgt, unter p\u00e4pstlichen Schutz gestellt und ab dem dreizehnten Jahrhundert in der Grafschaft Venaissin angesiedelt wurden.<br \/>\nVon Karriere im Jahr 1461 im Herzen der Stadt von den Konsuln installiert und bei der Best\u00e4tigung der Comtat zu Frankreich aufgegeben, bleibt eine Kultst\u00e4tte voller Emotionen und noch in Aktivit\u00e4t aufgrund der Vergangenheit j\u00fcdisch-provenzalischen Zivilisation und Gegenwart.<br \/>\nDie bewusst dezent gehaltene Fassade stammt aus dem Jahr 1909, die Kapelle hat eine barocke Dekoration aus dem achtzehnten Jahrhundert, mit S\u00e4ulen und Kunstmarmordekor, w\u00e4hrend im Erdgeschoss die \u00e4ltesten Teile untergebracht sind: Ritualb\u00e4der, 2 B\u00e4ckereien &#8211; eine f\u00fcr das t\u00e4gliche Brot, die andere f\u00fcr unges\u00e4uertes Brot und ein Raum, der im Gebetsraum Jerusalem gewidmet ist. Erkundigen Sie sich bei der Touristeninformation nach den \u00d6ffnungszeiten und dem Eintrittspreis.<br \/>\nDie orangefarbene T\u00fcr:<br \/>\nZugang zum Norden der Stadt durch ein Tor, das letzte \u00dcberbleibsel der Stadtmauer aus dem vierzehnten Jahrhundert.<\/p>\n<p>Das Orange Tor, eine Verteidigungsanlage mit 32 Rund- und Halbrundt\u00fcrmen. Der Turm, der sich bis zu 26 m erhebt, steht stolz mit seinem Zinnenkranz auf Kragsteinen. Eines der am meisten bewunderten Geb\u00e4ude der Stadt, in extremis vor der Zerst\u00f6rung w\u00e4hrend der gro\u00dfen Stadtentwicklungsprojekte im neunzehnten Jahrhundert gerettet.<br \/>\nBei gutem Wetter und im Rahmen von F\u00fchrungen ist das Panorama auf dem Gipfel grandios: Im Norden umfasst der Blick die landwirtschaftliche Ebene mit dem Massiv der Dentelles de Montmirail und dem Mont Ventoux im Hintergrund; im S\u00fcden taucht der Blick in die sonnigen D\u00e4cher und T\u00fcrme von Carpentras ein, die die engen Gassen der Altstadt beleuchten.<br \/>\nDas Museum Comtadin &#8211; Duplessis: geschlossen.<br \/>\nDas Sobirats-Museum: Ge\u00f6ffnet w\u00e4hrend F\u00fchrungen auf Programm oder Gruppen.<br \/>\nDie Sammlungen des Kunstgewerbes der Stadt Carpentras sind im ehemaligen Privathaus der Familie Armand de Ch\u00e2teauvieux in den mit typischen Stuckmotiven des Comtat Venaissin dekorierten Salons versammelt.<br \/>\nVon Boudoirs bis hin zu Ausstellungen k\u00f6nnen Besucher eine Reihe von regionalen M\u00f6beln, eine bemerkenswerte Sammlung von Aubusson-Wandteppichen, Marseille- und Moustiers-T\u00f6pferwaren, Landschaftsgem\u00e4lde und aristokratische Portr\u00e4ts entdecken.<br \/>\nDas Museum verdankt seinen Namen dem letzten Grafen von Sobirats, einem gro\u00dfz\u00fcgigen Spender der Einrichtung. Diese Tour stellt die warme und intime Atmosph\u00e4re eines Patrizierhauses aus dem 18. Jahrhundert wieder her.<\/p>\n","protected":false},"excerpt":{"rendered":"<p>Die Stadt Carpentras, eine Stadt der Kunst und Geschichte, hat viele Zeugnisse ihrer Vergangenheit bewahrt. Carpentras, ehemalige Hauptstadt der Grafschaft Venaissin, l\u00e4dt Sie ein, die Altstadt mit der Kathedrale Saint-Siffrine, der Synagoge, der \u00e4ltesten in Frankreich, erbaut 1367, dem H\u00f4tel-Dieu mit seiner Apotheke und dem Orangentor, dem letzten \u00dcberbleibsel aus dem Mittelalter, zu entdecken. Die&hellip;<\/p>\n","protected":false},"author":3,"featured_media":0,"parent":5563,"menu_order":11,"comment_status":"closed","ping_status":"closed","template":"","meta":{"footnotes":""},"class_list":["post-6574","page","type-page","status-publish","hentry"],"_links":{"self":[{"href":"https:\/\/www.villafleury.nl\/en\/wp-json\/wp\/v2\/pages\/6574","targetHints":{"allow":["GET"]}}],"collection":[{"href":"https:\/\/www.villafleury.nl\/en\/wp-json\/wp\/v2\/pages"}],"about":[{"href":"https:\/\/www.villafleury.nl\/en\/wp-json\/wp\/v2\/types\/page"}],"author":[{"embeddable":true,"href":"https:\/\/www.villafleury.nl\/en\/wp-json\/wp\/v2\/users\/3"}],"replies":[{"embeddable":true,"href":"https:\/\/www.villafleury.nl\/en\/wp-json\/wp\/v2\/comments?post=6574"}],"version-history":[{"count":0,"href":"https:\/\/www.villafleury.nl\/en\/wp-json\/wp\/v2\/pages\/6574\/revisions"}],"up":[{"embeddable":true,"href":"https:\/\/www.villafleury.nl\/en\/wp-json\/wp\/v2\/pages\/5563"}],"wp:attachment":[{"href":"https:\/\/www.villafleury.nl\/en\/wp-json\/wp\/v2\/media?parent=6574"}],"curies":[{"name":"wp","href":"https:\/\/api.w.org\/{rel}","templated":true}]}}