{"id":12230,"date":"2024-11-27T14:26:22","date_gmt":"2024-11-27T13:26:22","guid":{"rendered":"https:\/\/www.villafleury.nl\/?page_id=12230"},"modified":"2024-11-27T16:16:02","modified_gmt":"2024-11-27T15:16:02","slug":"bienvenue-a-villafleury","status":"publish","type":"page","link":"https:\/\/www.villafleury.nl\/fr\/bienvenue-a-villafleury\/","title":{"rendered":"Bienvenue \u00e0 VillaFleury!"},"content":{"rendered":"\n\n\t<header>\n<p>La maison de vacances VillaFleury*** est la destination id\u00e9ale pour des vacances inoubliables dans le sud de la France et comme r\u00e9sidence lors d&rsquo;une cure.<\/p>\n<\/header>\n<p>Situ\u00e9e \u00e0 quelques pas du village m\u00e9di\u00e9val de Montbrun-les-Bains dans la Dr\u00f4me, la maison de vacances offre une vue imprenable sur le Mont Ventoux. Elle est donc id\u00e9alement situ\u00e9e pour des vacances \u00e0 v\u00e9lo ou des randonn\u00e9es en France.<\/p>\n<p>VillaFleury est notre belle villa spacieuse dont nous sommes tr\u00e8s fiers. Elle propose un appartement de vacances pour deux personnes et un studio pour deux personnes. Les deux sont \u00e9quip\u00e9s de toutes les commodit\u00e9s et de tous les conforts. Le Wi-Fi et la t\u00e9l\u00e9vision par satellite sont gratuits, et vous pouvez bien s\u00fbr garer votre voiture et vos v\u00e9los sur la propri\u00e9t\u00e9 priv\u00e9e. La recharge de vos v\u00e9los \u00e9lectriques ne pose bien s\u00fbr aucun probl\u00e8me.<\/p>\n<p>Ici vit le soleil !<\/p>\n<p>Margriet et Joop Blom<\/p>\n\n","protected":false},"excerpt":{"rendered":"<p>La maison de vacances VillaFleury*** est la destination id\u00e9ale pour des vacances inoubliables dans le sud de la France et comme r\u00e9sidence lors d&rsquo;une cure. Situ\u00e9e \u00e0 quelques pas du village m\u00e9di\u00e9val de Montbrun-les-Bains dans la Dr\u00f4me, la maison de vacances offre une vue imprenable sur le Mont Ventoux. Elle est donc id\u00e9alement situ\u00e9e pour&hellip;<\/p>\n","protected":false},"author":3,"featured_media":11839,"parent":0,"menu_order":0,"comment_status":"closed","ping_status":"closed","template":"","meta":{"footnotes":""},"class_list":["post-12230","page","type-page","status-publish","has-post-thumbnail","hentry"],"_links":{"self":[{"href":"https:\/\/www.villafleury.nl\/fr\/wp-json\/wp\/v2\/pages\/12230","targetHints":{"allow":["GET"]}}],"collection":[{"href":"https:\/\/www.villafleury.nl\/fr\/wp-json\/wp\/v2\/pages"}],"about":[{"href":"https:\/\/www.villafleury.nl\/fr\/wp-json\/wp\/v2\/types\/page"}],"author":[{"embeddable":true,"href":"https:\/\/www.villafleury.nl\/fr\/wp-json\/wp\/v2\/users\/3"}],"replies":[{"embeddable":true,"href":"https:\/\/www.villafleury.nl\/fr\/wp-json\/wp\/v2\/comments?post=12230"}],"version-history":[{"count":5,"href":"https:\/\/www.villafleury.nl\/fr\/wp-json\/wp\/v2\/pages\/12230\/revisions"}],"predecessor-version":[{"id":12246,"href":"https:\/\/www.villafleury.nl\/fr\/wp-json\/wp\/v2\/pages\/12230\/revisions\/12246"}],"wp:featuredmedia":[{"embeddable":true,"href":"https:\/\/www.villafleury.nl\/fr\/wp-json\/wp\/v2\/media\/11839"}],"wp:attachment":[{"href":"https:\/\/www.villafleury.nl\/fr\/wp-json\/wp\/v2\/media?parent=12230"}],"curies":[{"name":"wp","href":"https:\/\/api.w.org\/{rel}","templated":true}]}}