{"id":3285,"date":"2019-06-04T10:50:28","date_gmt":"2019-06-04T08:50:28","guid":{"rendered":"https:\/\/www.villafleury.nl\/?page_id=3285"},"modified":"2026-03-15T12:04:24","modified_gmt":"2026-03-15T11:04:24","slug":"le-soleil-habite-ici","status":"publish","type":"page","link":"https:\/\/www.villafleury.nl\/fr\/","title":{"rendered":"Le soleil habite ici !"},"content":{"rendered":"\n<figure itemscope itemtype=\"https:\/\/schema.org\/ImageObject\">\n\t\t\t\t<img decoding=\"async\" src=\"https:\/\/www.villafleury.nl\/wp-content\/uploads\/2024\/11\/Cure-2-scaled.jpg\" alt=\"Cure\" height=\"940\" width=\"2560\" title=\"Cure\" onerror=\"this.style.display='none'\" loading=\"lazy\" \/>\n\t<\/figure>\n\t<bookaplace-all name=\"villafleury\" fnr=\"000\" lang=\"\" theme=\"\" btntitle=\"R\u00e9server\" btnclass=\"\" maxadult=\"2\" maxchild=\"0\"><\/bookaplace-all> \n\t<h3>Thermes de Montbrun-les-Bains<\/h3>\n<p>Montbrun-les-Bains est connu comme station thermale dont les eaux sulfur\u00e9es sont particuli\u00e8rement b\u00e9n\u00e9fiques pour le traitement des maladies de la peau et des infections des voies respiratoires. Vous pouvez faire une cure thermale aux \u00ab\u00a0Thermes de Montbrun-les-Bains\u00a0\u00bb situ\u00e9s \u00e0 proximit\u00e9 du \u00ab\u00a0Ch\u00e2teau des Gipi\u00e8res\u00a0\u00bb. Si vous \u00eates atteint de psoriasis ou de rhumatismes vous pouvez les traiter en prenant entre autres des bains de soufre.<\/p>\n<p>Montbrun-les-Bains est class\u00e9 comme l&rsquo;un des plus beaux villages entre Avignon et Sisteron, au c\u0153ur d&rsquo;une r\u00e9gion o\u00f9 la nature fleurit toujours en abondance. Situ\u00e9 au pied du \u00ab\u00a0Mont Ventoux\u00a0\u00bb Montbrun-les-Bains jouit en moyenne de 240 jours d&rsquo;ensoleillement par an.<\/p>\n<p>Le Mont Ventoux, Lure, Luberon et Baronnies abritent leurs lieux magiques et pittoresques, comme Fontaine de Vaucluse, Gordes, Rousillon avec ses couleurs ocres et le Pays Apt avec ses villages haut perch\u00e9s sur les collines, le parc du Luberon et les gorges de la Dr\u00f4me. Une r\u00e9gion dont on ne se lasse jamais !<\/p>\n<p>&nbsp;<\/p>\n<p>Montbrun-les-Bains se compose de deux parties, la partie m\u00e9di\u00e9vale avec des ruelles pittoresques, des vestiges d&rsquo;un ch\u00e2teau f\u00e9odal, une \u00e9glise romane, le clocher de l&rsquo;\u00e9glise qui faisait partie des murailles de la forteresse et plus bas la partie moderne avec des restaurants, toutes les commodit\u00e9s m\u00e9dicales, une piscine, des courts de tennis, un bureau de poste, une boulangerie et un supermarch\u00e9 \u00e0 environ 800 des appartements.<\/p>\n<p>A proximit\u00e9 du village dans le magnifique \u00ab\u00a0Ch\u00e2teau des Gipi\u00e8res\u00a0\u00bb du dix-neuvi\u00e8me si\u00e8cle vous trouverez un excellent restaurant o\u00f9 vous pourrez vous faire g\u00e2ter avec des sp\u00e9cialit\u00e9s culinaires. Sur la terrasse vous pourrez profiter de la belle vue sur le Mont Ventoux et le parc tout autour.<\/p>\n<figure itemscope itemtype=\"https:\/\/schema.org\/ImageObject\">\n\t\t\t\t<img decoding=\"async\" src=\"https:\/\/www.villafleury.nl\/wp-content\/uploads\/2024\/11\/Plaque-Meuble_tourisme3_2023-e1732720313173.jpg\" alt=\"Plaque-Meuble_tourisme3_2023\" height=\"424\" width=\"427\" title=\"Plaque-Meuble_tourisme3_2023\" onerror=\"this.style.display='none'\" loading=\"lazy\" \/>\n\t<\/figure>\n\n","protected":false},"excerpt":{"rendered":"<p>Thermes de Montbrun-les-Bains Montbrun-les-Bains est connu comme station thermale dont les eaux sulfur\u00e9es sont particuli\u00e8rement b\u00e9n\u00e9fiques pour le traitement des maladies de la peau et des infections des voies respiratoires. Vous pouvez faire une cure thermale aux \u00ab\u00a0Thermes de Montbrun-les-Bains\u00a0\u00bb situ\u00e9s \u00e0 proximit\u00e9 du \u00ab\u00a0Ch\u00e2teau des Gipi\u00e8res\u00a0\u00bb. Si vous \u00eates atteint de psoriasis ou de&hellip;<\/p>\n","protected":false},"author":3,"featured_media":4644,"parent":0,"menu_order":1,"comment_status":"closed","ping_status":"closed","template":"","meta":{"footnotes":""},"class_list":["post-3285","page","type-page","status-publish","has-post-thumbnail","hentry"],"_links":{"self":[{"href":"https:\/\/www.villafleury.nl\/fr\/wp-json\/wp\/v2\/pages\/3285","targetHints":{"allow":["GET"]}}],"collection":[{"href":"https:\/\/www.villafleury.nl\/fr\/wp-json\/wp\/v2\/pages"}],"about":[{"href":"https:\/\/www.villafleury.nl\/fr\/wp-json\/wp\/v2\/types\/page"}],"author":[{"embeddable":true,"href":"https:\/\/www.villafleury.nl\/fr\/wp-json\/wp\/v2\/users\/3"}],"replies":[{"embeddable":true,"href":"https:\/\/www.villafleury.nl\/fr\/wp-json\/wp\/v2\/comments?post=3285"}],"version-history":[{"count":68,"href":"https:\/\/www.villafleury.nl\/fr\/wp-json\/wp\/v2\/pages\/3285\/revisions"}],"predecessor-version":[{"id":12853,"href":"https:\/\/www.villafleury.nl\/fr\/wp-json\/wp\/v2\/pages\/3285\/revisions\/12853"}],"wp:featuredmedia":[{"embeddable":true,"href":"https:\/\/www.villafleury.nl\/fr\/wp-json\/wp\/v2\/media\/4644"}],"wp:attachment":[{"href":"https:\/\/www.villafleury.nl\/fr\/wp-json\/wp\/v2\/media?parent=3285"}],"curies":[{"name":"wp","href":"https:\/\/api.w.org\/{rel}","templated":true}]}}