{"id":697,"date":"2017-03-15T12:14:57","date_gmt":"2017-03-15T11:14:57","guid":{"rendered":"http:\/\/www.villafleury.nl\/?page_id=697"},"modified":"2026-03-13T19:54:06","modified_gmt":"2026-03-13T18:54:06","slug":"studio","status":"publish","type":"page","link":"https:\/\/www.villafleury.nl\/fr\/studio\/","title":{"rendered":"Le Studio"},"content":{"rendered":"\n\n\t\t\t\t\t\t\t<button aria-label=\"previous\" type=\"button\">\n<\/button>\n\t\t\t\t<button aria-label=\"next\" type=\"button\">\n<\/button>\n\t\t<ul>\n\t\t\t\t<li>\n\t\t\t<img decoding=\"async\" loading=\"false\" src=\"https:\/\/www.villafleury.nl\/wp-content\/uploads\/2023\/10\/1StuWest.jpeg\" alt=\"\" \/>\t\t\t\n\t\t\t\t<h2>Entr\u00e9e du studio<\/h2>\t\t\t\n\t\t<\/li>\n\t\t\t<li>\n\t\t\t<img decoding=\"async\" loading=\"false\" src=\"https:\/\/www.villafleury.nl\/wp-content\/uploads\/2023\/10\/2StuEntreeR-1-scaled.jpg\" alt=\"\" \/>\t\t\t\n\t\t\t\t<h2>Tonnelle avec raisins &#8211; Terrasse<\/h2>\t\t\t\n\t\t<\/li>\n\t\t\t<li>\n\t\t\t<img decoding=\"async\" loading=\"false\" src=\"https:\/\/www.villafleury.nl\/wp-content\/uploads\/2023\/10\/4StuZithoekTV.jpeg\" alt=\"\" \/>\t\t\t\n\t\t\t\t<h2>Coin salon et TV<\/h2>\t\t\t\n\t\t<\/li>\n\t\t\t<li>\n\t\t\t<img decoding=\"async\" loading=\"false\" src=\"https:\/\/www.villafleury.nl\/wp-content\/uploads\/2023\/10\/3StuEntreeM.jpeg\" alt=\"\" \/>\t\t\t\n\t\t\t\t<h2>Terrasse ombrag\u00e9e<\/h2>\t\t\t\n\t\t<\/li>\n\t\t\t<li>\n\t\t\t<img decoding=\"async\" loading=\"false\" src=\"https:\/\/www.villafleury.nl\/wp-content\/uploads\/2023\/10\/5StuPlattegrond.jpeg\" alt=\"\" \/>\t\t\t\n\t\t\t\t<h2>Plan du studio<\/h2>\t\t\t\n\t\t<\/li>\n\t\t\t<li>\n\t\t\t<img decoding=\"async\" loading=\"false\" src=\"https:\/\/www.villafleury.nl\/wp-content\/uploads\/2023\/10\/6StuKeuken.jpeg\" alt=\"\" \/>\t\t\t\n\t\t\t\t<h2>Cuisine enti\u00e8rement \u00e9quip\u00e9e<\/h2>\t\t\t\n\t\t<\/li>\n\t\t\t<li>\n\t\t\t<img decoding=\"async\" loading=\"false\" src=\"https:\/\/www.villafleury.nl\/wp-content\/uploads\/2023\/10\/7StuEettafel.jpeg\" alt=\"\" \/>\t\t\t\n\t\t\t\t<h2>Table \u00e0 manger pliante<\/h2>\t\t\t\n\t\t<\/li>\n\t\t\t<li>\n\t\t\t<img decoding=\"async\" loading=\"false\" src=\"https:\/\/www.villafleury.nl\/wp-content\/uploads\/2023\/10\/8StuSlaap.jpeg\" alt=\"\" \/>\t\t\t\n\t\t\t\t<h2>Coin nuit Studio lits 200&#215;90<\/h2>\t\t\t\n\t\t<\/li>\n\t\t\t<li>\n\t\t\t<img decoding=\"async\" loading=\"false\" src=\"https:\/\/www.villafleury.nl\/wp-content\/uploads\/2023\/10\/9StuGaderobe.jpeg\" alt=\"\" \/>\t\t\t\n\t\t\t\t<h2>Armoire avec espace de rangement<\/h2>\t\t\t\n\t\t<\/li>\n\t\t\t<li>\n\t\t\t<img decoding=\"async\" loading=\"false\" src=\"https:\/\/www.villafleury.nl\/wp-content\/uploads\/2023\/10\/10StuBadkamer.jpeg\" alt=\"\" \/>\t\t\t\n\t\t\t\t<h2>Toilette, meuble et douche<\/h2>\t\t\t\n\t\t<\/li>\n\t\t\t<li>\n\t\t\t<img decoding=\"async\" loading=\"false\" src=\"https:\/\/www.villafleury.nl\/wp-content\/uploads\/2026\/03\/17StuWastafel-scaled.jpeg\" alt=\"\" \/>\t\t\t\n\t\t\t\t<h2>Meuble de salle de bains<\/h2>\t\t\t\n\t\t<\/li>\n\t\t<\/ul>\n\t<p><strong>Toutes les fonctions de vie sur 50 m2 !<\/strong><\/p>\nA gauche en entrant dans le salon avec la TVHD par satellite et 3 tableaux avec un total de 27 pistes cyclables avec le point de d\u00e9part, &#8211; et le point d&rsquo;arriv\u00e9e Montbrun-les-Bains ;<br \/>\nA droite la cuisine avec une plaque \u00e0 induction avec 4 zones de cuisson, un four, une hotte, un r\u00e9frig\u00e9rateur\/cong\u00e9lateur, un lave-vaisselle et un lave-linge et au milieu la table \u00e0 manger flanqu\u00e9e de deux grands lustres.<br \/>\nPuis, de part et d&rsquo;autre de la salle \u00e0 manger, une marche avec :<br \/>\nA gauche, un vestiaire avec deux grandes armoires ;<br \/>\n\u00c0 droite, la salle de bains avec toilettes suspendues, une armoire de toilette avec un lavabo pour deux personnes, une tr\u00e8s grande douche et, au milieu, la zone de couchage avec deux lits de 200 par 90cm.<br \/>\nIl y a une grande terrasse et le jardin est \u00e0 votre disposition.<br \/>\nLa voiture peut \u00eatre gar\u00e9e sur place et les v\u00e9los peuvent \u00eatre stock\u00e9s en toute s\u00e9curit\u00e9 dans l&rsquo;abri.<br \/>\nOn pense aussi \u00e0 la possibilit\u00e9 de communiquer en wifi avec la fa\u00e7ade du foyer via un Internet.<br \/>\nBref, vous ne manquerez de rien !\n\t<iframe loading=\"lazy\" width=\"500\" height=\"375\" src=\"https:\/\/www.youtube.com\/embed\/rUYIEEYnC6A\" title=\"Studio VillaFleury\" frameborder=\"0\" allow=\"accelerometer; autoplay; clipboard-write; encrypted-media; gyroscope; picture-in-picture\" allowfullscreen><\/iframe><\/p\n\n","protected":false},"excerpt":{"rendered":"<p>Toutes les fonctions de vie sur 56 m2 !<\/p>\n<p>A gauche en entrant dans le salon avec la TVHD par satellite et 3 tableaux avec un total de 27 pistes cyclables avec le point de d\u00e9part, &#8211; et le point d&rsquo;arriv\u00e9e Montbrun-les-Bains ;<br \/>\nA droite la cuisine avec une plaque \u00e0 induction avec 4 zones de cuisson, un four, une hotte, un r\u00e9frig\u00e9rateur\/cong\u00e9lateur, un lave-vaisselle et un lave-linge et au milieu la table \u00e0 manger  &#8230;&#8230;<\/p>\n","protected":false},"author":26,"featured_media":11013,"parent":0,"menu_order":3,"comment_status":"closed","ping_status":"closed","template":"","meta":{"footnotes":""},"class_list":["post-697","page","type-page","status-publish","has-post-thumbnail","hentry"],"_links":{"self":[{"href":"https:\/\/www.villafleury.nl\/fr\/wp-json\/wp\/v2\/pages\/697","targetHints":{"allow":["GET"]}}],"collection":[{"href":"https:\/\/www.villafleury.nl\/fr\/wp-json\/wp\/v2\/pages"}],"about":[{"href":"https:\/\/www.villafleury.nl\/fr\/wp-json\/wp\/v2\/types\/page"}],"author":[{"embeddable":true,"href":"https:\/\/www.villafleury.nl\/fr\/wp-json\/wp\/v2\/users\/26"}],"replies":[{"embeddable":true,"href":"https:\/\/www.villafleury.nl\/fr\/wp-json\/wp\/v2\/comments?post=697"}],"version-history":[{"count":58,"href":"https:\/\/www.villafleury.nl\/fr\/wp-json\/wp\/v2\/pages\/697\/revisions"}],"predecessor-version":[{"id":12848,"href":"https:\/\/www.villafleury.nl\/fr\/wp-json\/wp\/v2\/pages\/697\/revisions\/12848"}],"wp:featuredmedia":[{"embeddable":true,"href":"https:\/\/www.villafleury.nl\/fr\/wp-json\/wp\/v2\/media\/11013"}],"wp:attachment":[{"href":"https:\/\/www.villafleury.nl\/fr\/wp-json\/wp\/v2\/media?parent=697"}],"curies":[{"name":"wp","href":"https:\/\/api.w.org\/{rel}","templated":true}]}}