{"id":735,"date":"2017-03-15T13:37:42","date_gmt":"2017-03-15T12:37:42","guid":{"rendered":"http:\/\/www.villafleury.nl\/?page_id=735"},"modified":"2021-02-06T23:53:40","modified_gmt":"2021-02-06T22:53:40","slug":"radfahren","status":"publish","type":"page","link":"https:\/\/www.villafleury.nl\/fr\/radfahren\/","title":{"rendered":"Cyclotourisme"},"content":{"rendered":"\r\n\r\n\t&nbsp;<br \/>\r\n&nbsp;<br \/>\r\n&nbsp;<br \/>\r\n&nbsp;\r\n<h2><b>Le Mont Ventoux : un d\u00e9fi pour tous les cyclistes !<\/b><\/h2>\r\n&nbsp;<br \/>\r\n&nbsp;<br \/>\r\nChaque jour, \u00e0 chaque saison vous les croisez : les adeptes du cyclisme, ils sont toujours tr\u00e8s actifs sur le autour du Mont Ventoux. Qu&rsquo;est-ce qui les pousse? Si vous posez cette question, vous n&rsquo;obtenez pas de r\u00e9ponse pr\u00e9cise, mais il y a toujours le d\u00e9fi, la nature, le temps, l&rsquo;ambiance en combinaison\u00a0avec derri\u00e8re un sacro-saint principe qu&rsquo;il faut le faire&#8230;&#8230;&#8230; Ou comme on peut le comprendre \u00ab\u00a0Dans le sillage des pros\u00a0\u00bb. Dans la douce Provence, avec ses champs de lavande parfum\u00e9s et des terrasses conviviales sous les platanes, se trouve une montagne \u00e9pouvantable. Si la Provence est \u00ab\u00a0la Belle\u00a0\u00bb le Mont Ventoux est alors \u00ab\u00a0la B\u00eate\u00a0\u00bb. Ce \u00ab\u00a0G\u00e9ant de la Provence\u00a0\u00bb ou \u00ab\u00a0Le Mont Chauve\u00a0\u00bb ou encore \u00ab\u00a0L&rsquo;Olympe de la Provence\u00a0\u00bb qualifi\u00e9 de pustule est surtout tr\u00e8s lourd, torride ou justement horriblement froid, ventil\u00e9 mais surtout \u00e9puisant&#8230;&#8230;. Ce n&rsquo;est pas exactement un texte publicitaire&#8230;&#8230;&#8230;&#8230;.. et pourtant \u00e0 chaque saison on trouve des hordes de cyclistes. Apparemment, ils trouvent\u00a0ce qu&rsquo;ils recherchent ! Depuis l&rsquo;appartement il y a de nombreuses possibilit\u00e9s pour entreprendre des randonn\u00e9es cyclistes et pour vaincre le Mont Ventoux de tous les c\u00f4t\u00e9s.\r\n<p>Mais ne manquez pas de faire une randonn\u00e9e dans \u00ab\u00a0La Vall\u00e9e du Toulourenc\u00a0\u00bb ou le long \u00ab\u00a0Des Gorges de la Nesque\u00a0\u00bb. Et si vous pensez que cela est n\u00e9cessaire nous vous proposons alors <u>\u00ab\u00a0un service pour venir vous chercher et\/ou vous ramener\u00a0\u00bb<\/u> \u00e0 un tarif kilom\u00e9trique raisonnable.<\/p>\r\n<p>Et laissez-vous surtout tenter par un d\u00e9jeuner dans l&rsquo;un des nombreux restaurants que vous rencontrerez en chemin. Nous pouvons \u00e9galement vous conseiller. Tout le monde n&rsquo;est pas un Ventourist ou Ventousiast, mais si vous souhaitez faire une randonn\u00e9e, cela est \u00e9videmment possible m\u00eame si vous n&rsquo;avez pas de v\u00e9lo, car dans les environs il est possible de louer de bons v\u00e9los.<\/p>\r\n\r\n","protected":false},"excerpt":{"rendered":"<p>&nbsp; &nbsp; &nbsp; &nbsp; Le Mont Ventoux : un d\u00e9fi pour tous les cyclistes ! &nbsp; &nbsp; Chaque jour, \u00e0 chaque saison vous les croisez : les adeptes du cyclisme, ils sont toujours tr\u00e8s actifs sur le autour du Mont Ventoux. Qu&rsquo;est-ce qui les pousse? Si vous posez cette question, vous n&rsquo;obtenez pas de r\u00e9ponse&hellip;<\/p>\n","protected":false},"author":26,"featured_media":3901,"parent":0,"menu_order":14,"comment_status":"closed","ping_status":"closed","template":"","meta":{"footnotes":""},"class_list":["post-735","page","type-page","status-publish","has-post-thumbnail","hentry"],"_links":{"self":[{"href":"https:\/\/www.villafleury.nl\/fr\/wp-json\/wp\/v2\/pages\/735","targetHints":{"allow":["GET"]}}],"collection":[{"href":"https:\/\/www.villafleury.nl\/fr\/wp-json\/wp\/v2\/pages"}],"about":[{"href":"https:\/\/www.villafleury.nl\/fr\/wp-json\/wp\/v2\/types\/page"}],"author":[{"embeddable":true,"href":"https:\/\/www.villafleury.nl\/fr\/wp-json\/wp\/v2\/users\/26"}],"replies":[{"embeddable":true,"href":"https:\/\/www.villafleury.nl\/fr\/wp-json\/wp\/v2\/comments?post=735"}],"version-history":[{"count":0,"href":"https:\/\/www.villafleury.nl\/fr\/wp-json\/wp\/v2\/pages\/735\/revisions"}],"wp:featuredmedia":[{"embeddable":true,"href":"https:\/\/www.villafleury.nl\/fr\/wp-json\/wp\/v2\/media\/3901"}],"wp:attachment":[{"href":"https:\/\/www.villafleury.nl\/fr\/wp-json\/wp\/v2\/media?parent=735"}],"curies":[{"name":"wp","href":"https:\/\/api.w.org\/{rel}","templated":true}]}}