{"id":787,"date":"2017-03-15T14:32:58","date_gmt":"2017-03-15T13:32:58","guid":{"rendered":"http:\/\/www.villafleury.nl\/?page_id=787"},"modified":"2024-11-27T16:52:43","modified_gmt":"2024-11-27T15:52:43","slug":"conditions","status":"publish","type":"page","link":"https:\/\/www.villafleury.nl\/fr\/conditions\/","title":{"rendered":"Conditions"},"content":{"rendered":"\n\n\t\n<p><strong>Conditions<\/strong><\/p>\n<b>1. R\u00e9server<br \/>\n<\/b>Vous vous inscrivez en ligne en indiquant votre nom, votre adresse, les d\u00e9tails de votre r\u00e9sidence, etc., ainsi que les dates d&rsquo;arriv\u00e9e et de d\u00e9part souhait\u00e9es pour un minimum d&rsquo;une semaine. Vous indiquez \u00e9galement si vous souhaitez r\u00e9server du linge de maison et\/ou des draps. Sur le formulaire l&rsquo;option pour le nettoyage en fin de s\u00e9jour est d\u00e9j\u00e0 coch\u00e9e \u00e9tant donn\u00e9 celle-ci obligatoire. Il est formellement interdit de faire s\u00e9journer plus de personnes dans l&rsquo;appartement que le nombre stipul\u00e9 sur le contrat de r\u00e9servation.Fumer est interdit et les animaux ne sont pas accept\u00e9s.<br \/>\n<b>2. E-mail et contact<\/b><br \/>\nD\u00e8s que vous avez rempli le formulaire, votre demande sera envoy\u00e9e par mail. Nous vous contacterons ensuite le plus rapidement possible par mail pour vous indiquer nos disponibilit\u00e9s et les modalit\u00e9s de r\u00e9servation par mail.<br \/>\n<b>3. Facture<\/b><br \/>\nPour confirmer la r\u00e9servation, vous recevrez la facture. Ce document est consid\u00e9r\u00e9 comme un contrat entre les deux parties.<br \/>\n<b>4. R\u00e8glement<\/b><br \/>\nSur la facture il est demand\u00e9 de r\u00e9gler le montant de la location en deux versements. Si vous effectuez une r\u00e9servation dans les deux mois avant la date d&rsquo;arriv\u00e9e le solde entier sera d\u00fb, au plus tard une semaine avant la date d&rsquo;arriv\u00e9e.\n<b>5. Arriv\u00e9e et d\u00e9part<\/b><br \/>\nLe jour d&rsquo;arriv\u00e9e vous pourrez prendre possession des lieux \u00e0 partir de 15.00 heures. Nous vous remettrons la cl\u00e9 de l&rsquo;appartement apr\u00e8s le r\u00e8glement d&rsquo;une caution de \u20ac 250. Si \u00e0 votre arriv\u00e9e \u00e0 l&rsquo;appartement vous constatez des anomalies, nous vous conseillons de le signaler imm\u00e9diatement. Le jour du d\u00e9part vous devrez quitter l&rsquo;appartement au plus tard \u00e0 10.00 heures et remettre la cl\u00e9.<br \/>\n<b>6. L&rsquo;appartement<\/b><br \/>\nPri\u00e8re de d\u00e9clarer d&rsquo;\u00e9ventuelles d\u00e9t\u00e9riorations de l&rsquo;appartement et\/ou de l&rsquo;inventaire caus\u00e9s par vous. Les frais de r\u00e9paration ou de remplacement seront d\u00e9duits de la caution. Lorsque le montant du pr\u00e9judice s&rsquo;\u00e9l\u00e8ve \u00e0 plus de \u20ac 250, nous rechercherons une solution appropri\u00e9e.<br \/>\n<b>7. Responsabilit\u00e9 civile<\/b><br \/>\nPour tous d\u00e9g\u00e2ts ou l\u00e9sions corporelles nous d\u00e9clinons toute responsabilit\u00e9 que ce soit des d\u00e9g\u00e2ts ou des l\u00e9sions corporelles caus\u00e9s par les locataires \u00e0 des tiers, ou des d\u00e9g\u00e2ts ou des l\u00e9sions corporelles caus\u00e9s par des tiers aux locataires ou \u00e0 leurs biens.<br \/>\n<b>8. Annulations<br \/>\n<\/b>Le loueur facturera les montants suivants en fonction de la date d&rsquo;annulation \u00e9crite par le locataire :Pour une annulation jusqu&rsquo;\u00e0 90 jours (non compris) avant le d\u00e9but de la p\u00e9riode de location : sans frais.<br \/>\nPour une annulation de 90 jours (inclus) \u00e0 42 jours (exclus) avant le d\u00e9but de la p\u00e9riode de location : 30 % du prix de la location.<br \/>\nAnnulation de 42 jours (inclus) \u00e0 28 jours (exclus) avant le d\u00e9but de la p\u00e9riode de location : 50% du prix de la location<br \/>\nAnnulation de 28 jours (inclus) \u00e0 14 jours (exclus) avant le d\u00e9but de la p\u00e9riode de location : 75 % du prix de la location.<br \/>\nAnnulation \u00e0 partir de 14 jours (inclus) avant le d\u00e9but de la p\u00e9riode de location : 100% du prix de la location.<br \/>\nSi le locataire n&rsquo;informe pas le preneur qu&rsquo;il n&rsquo;utilisera pas (plus) la salle lou\u00e9e jusqu&rsquo;au jour du d\u00e9but de la p\u00e9riode de location ou pendant la p\u00e9riode de location, le prix total de la location est d\u00fb par le locataire.\n\n","protected":false},"excerpt":{"rendered":"<p>Conditions 1. R\u00e9server Vous vous inscrivez en ligne en indiquant votre nom, votre adresse, les d\u00e9tails de votre r\u00e9sidence, etc., ainsi que les dates d&rsquo;arriv\u00e9e et de d\u00e9part souhait\u00e9es pour un minimum d&rsquo;une semaine. Vous indiquez \u00e9galement si vous souhaitez r\u00e9server du linge de maison et\/ou des draps. Sur le formulaire l&rsquo;option pour le nettoyage&hellip;<\/p>\n","protected":false},"author":26,"featured_media":5688,"parent":0,"menu_order":13,"comment_status":"closed","ping_status":"closed","template":"","meta":{"footnotes":""},"class_list":["post-787","page","type-page","status-publish","has-post-thumbnail","hentry"],"_links":{"self":[{"href":"https:\/\/www.villafleury.nl\/fr\/wp-json\/wp\/v2\/pages\/787","targetHints":{"allow":["GET"]}}],"collection":[{"href":"https:\/\/www.villafleury.nl\/fr\/wp-json\/wp\/v2\/pages"}],"about":[{"href":"https:\/\/www.villafleury.nl\/fr\/wp-json\/wp\/v2\/types\/page"}],"author":[{"embeddable":true,"href":"https:\/\/www.villafleury.nl\/fr\/wp-json\/wp\/v2\/users\/26"}],"replies":[{"embeddable":true,"href":"https:\/\/www.villafleury.nl\/fr\/wp-json\/wp\/v2\/comments?post=787"}],"version-history":[{"count":1,"href":"https:\/\/www.villafleury.nl\/fr\/wp-json\/wp\/v2\/pages\/787\/revisions"}],"predecessor-version":[{"id":12255,"href":"https:\/\/www.villafleury.nl\/fr\/wp-json\/wp\/v2\/pages\/787\/revisions\/12255"}],"wp:featuredmedia":[{"embeddable":true,"href":"https:\/\/www.villafleury.nl\/fr\/wp-json\/wp\/v2\/media\/5688"}],"wp:attachment":[{"href":"https:\/\/www.villafleury.nl\/fr\/wp-json\/wp\/v2\/media?parent=787"}],"curies":[{"name":"wp","href":"https:\/\/api.w.org\/{rel}","templated":true}]}}