{"id":783,"date":"2017-03-15T14:31:26","date_gmt":"2017-03-15T13:31:26","guid":{"rendered":"http:\/\/www.villafleury.nl\/?page_id=783"},"modified":"2024-11-27T09:59:19","modified_gmt":"2024-11-27T08:59:19","slug":"voorwaarden","status":"publish","type":"page","link":"https:\/\/www.villafleury.nl\/nl\/voorwaarden\/","title":{"rendered":"Voorwaarden"},"content":{"rendered":"\n\n\t<p><strong>Algemene Voorwaarden VillaFleury<\/strong><\/p>\n<b>1. Reserveren<br \/>\n<\/b>U registreert on-line uw naam, adres, woonplaats gegevens, etc., met daarbij de door u gewenste aankomst- en vertrekdatum voor minimaal een week.<br \/>\nTevens geeft u aan of u bedlinnen en\/of handdoeken wilt reserveren.<br \/>\nBij vertrek dient u het geheel ordelijk en aangeveegd achter te laten.<br \/>\nEindschoonmaak is verplicht.<br \/>\nHet is niet toegestaan om met meer mensen in het appartement te verblijven dan aangegeven in de reservering.<br \/>\nHuisdieren zijn niet toegestaan.\n<b>2. E-mail en contact<br \/>\n<\/b>Zodra u het formulier ingevuld heeft, zal de aanvraag per email verzonden worden. Wij zullen daarop zo spoedig mogelijk per e-mail contact met u opnemen.\n<b>3. Factuur<br \/>\n<\/b>Ter bevestiging van de reservering ontvangt u de factuur. Dit document wordt als contract beschouwd tussen beide partijen.\n<b>4. Betalingen<br \/>\n<\/b>Op de factuur wordt betaling in twee termijnen verzocht. \u00a0 Bij reserveringen binnen twee maanden voor de aankomstdatum moet het gehele bedrag in \u00e9\u00e9n keer worden voldaan, echter uiterlijk \u00e9\u00e9n week voor de aankomstdatum.\n<b>5. Aankomst en vertrek<br \/>\n<\/b>Op de aankomstdatum bent u vanaf 15.00 uur van harte welkom.<br \/>\nDe sleutel wordt u overhandigd als u de borg van \u20ac 250,- contant hebt voldaan.<br \/>\nAls u bij binnenkomst onvolkomenheden aantreft, adviseren we u dit meteen te melden.<br \/>\nU dient uiterlijk 10.00 uur vertrekken, veegschoon achter te laten en de sleutel in te leveren. \n<strong>6. Beschadiging<\/strong><br \/>\nBeschadiging aan het appartement of de studio en\/of breuk en beschadiging van het inventaris door uw toedoen, moet u melden. Verrekening van de kosten vindt plaats bij de teruggave per bankoverschrijving van de borg. Wanneer de schade meer dan \u20ac 250,- bedraagt, wordt een passende oplossing gezocht.\n<b>7. Aansprakelijkheid<\/b><br \/>\nVoor schade of persoonlijk letsel, ofwel schade of letsel aangericht door de huurders aan derden, ofwel schade aangedaan door derden aan huurders of hun bezittingen, aanvaarden wij geen aansprakelijkheid.\n<b>8. Annuleringen<br \/>\n<\/b>\n<p>Verhuurder brengt de volgende bedragen in rekening, afhankelijk van de datum van\u00a0<strong>schriftelijke<\/strong>\u00a0annulering door de huurder:<\/p>\n<ul>\n<li>Bij annulering tot 90 dagen (exclusief) v\u00f3\u00f3r de aanvang van de huurperiode:\u00a0<strong>kosteloos<\/strong><\/li>\n<li>Bij annulering vanaf 90 dagen (inclusief) tot 42 dagen (exclusief) v\u00f3\u00f3r de aanvang van de huurperiode:\u00a0<strong>30% van de huurprijs<\/strong><\/li>\n<li>Bij annulering vanaf 42 dagen (inclusief) tot 28 dagen (exclusief) v\u00f3\u00f3r de aanvang van de huurperiode:\u00a0<strong>50% van de huurprijs<\/strong><\/li>\n<li>Bij annulering vanaf 28 dagen (inclusief) tot 14 dagen (exclusief) v\u00f3\u00f3r de aanvang van de huurperiode:\u00a0<strong>75% van de huurprijs<\/strong><\/li>\n<li>Bij annulering vanaf 14 dagen (inclusief) v\u00f3\u00f3r de aanvang van de huurperiode<strong>: 100% van de huurprijs<\/strong><\/li>\n<li>Indien de huurder pas op de dag van aanvang van de huurperiode of tijdens de huurperiode meedeelt g\u00e9\u00e9n gebruik (meer) van het gehuurde te zullen maken,\u00a0<strong>blijft de huurder de volledige huurprijs verschuldigd<\/strong>.<\/li>\n<\/ul>\n\n","protected":false},"excerpt":{"rendered":"<p>Algemene Voorwaarden VillaFleury 1. Reserveren U registreert on-line uw naam, adres, woonplaats gegevens, etc., met daarbij de door u gewenste aankomst- en vertrekdatum voor minimaal een week. Tevens geeft u aan of u bedlinnen en\/of handdoeken wilt reserveren. Bij vertrek dient u het geheel ordelijk en aangeveegd achter te laten. Eindschoonmaak is verplicht. Het is&hellip;<\/p>\n","protected":false},"author":26,"featured_media":6726,"parent":0,"menu_order":13,"comment_status":"closed","ping_status":"closed","template":"","meta":{"footnotes":""},"class_list":["post-783","page","type-page","status-publish","has-post-thumbnail","hentry"],"_links":{"self":[{"href":"https:\/\/www.villafleury.nl\/nl\/wp-json\/wp\/v2\/pages\/783","targetHints":{"allow":["GET"]}}],"collection":[{"href":"https:\/\/www.villafleury.nl\/nl\/wp-json\/wp\/v2\/pages"}],"about":[{"href":"https:\/\/www.villafleury.nl\/nl\/wp-json\/wp\/v2\/types\/page"}],"author":[{"embeddable":true,"href":"https:\/\/www.villafleury.nl\/nl\/wp-json\/wp\/v2\/users\/26"}],"replies":[{"embeddable":true,"href":"https:\/\/www.villafleury.nl\/nl\/wp-json\/wp\/v2\/comments?post=783"}],"version-history":[{"count":2,"href":"https:\/\/www.villafleury.nl\/nl\/wp-json\/wp\/v2\/pages\/783\/revisions"}],"predecessor-version":[{"id":12194,"href":"https:\/\/www.villafleury.nl\/nl\/wp-json\/wp\/v2\/pages\/783\/revisions\/12194"}],"wp:featuredmedia":[{"embeddable":true,"href":"https:\/\/www.villafleury.nl\/nl\/wp-json\/wp\/v2\/media\/6726"}],"wp:attachment":[{"href":"https:\/\/www.villafleury.nl\/nl\/wp-json\/wp\/v2\/media?parent=783"}],"curies":[{"name":"wp","href":"https:\/\/api.w.org\/{rel}","templated":true}]}}